{"id":28,"date":"2015-09-10T14:26:44","date_gmt":"2015-09-10T12:26:44","guid":{"rendered":"http:\/\/cficonsulting.ch\/?page_id=28"},"modified":"2015-09-10T16:06:50","modified_gmt":"2015-09-10T14:06:50","slug":"my-front-page","status":"publish","type":"page","link":"https:\/\/cficonsulting.ch\/","title":{"rendered":"My Front Page"},"content":{"rendered":"<div id=\"pl-28\"  class=\"panel-layout\" ><div id=\"pg-28-0\"  class=\"panel-grid panel-has-style\" ><div style=\"padding: 100px 0; \" data-overlay=\"true\" class=\"panel-row-style panel-row-style-for-28-0\" ><div id=\"pgc-28-0-0\"  class=\"panel-grid-cell\" ><div id=\"panel-28-0-0-0\" class=\"so-panel widget widget_sydney_services_type_a sydney_services_widget panel-first-child panel-last-child\" data-index=\"0\" >\t\t\t<h3 class=\"widget-title\">Dienstleistungen<\/h3>\r\n\t\t\t\t\t\t\t\t\t\t\t\t\t\t\t\t\t\t\t\t\t\t\t\t\t\t\t\t\t<div class=\"service col-md-4\">\r\n\t\t\t\t\t\t\t\t\t\t\t\t\t<div class=\"roll-icon-box\">\r\n\t\t\t\t\t\t\t\t\t\t\t\r\n\t\t\t\t\t\t\t\t\t<div class=\"icon\">\r\n\t\t\t\t\t\t\t\t\t\t\t\t\t\t\t\t\t\t\t\t\t<i class=\"fa fa-binoculars\"><\/i>\t\t\t\t\t\t\t\t\t\t\t\t\t\t\t\t\t\t\t<\/div>\r\n\t\t\t\t\t\t\t\t\t\t\t\t\t\t\t\t<div class=\"content\">\r\n\t\t\t\t\t\t\t\t\t<h3>\r\n\t\t\t\t\t\t\t\t\t\t\t\t\t\t\t\t\t\t\t\t\tSocial Media Monitoring\t\t\t\t\t\t\t\t\t\t\t\t\t\t\t\t\t\t\t<\/h3>\r\n\t\t\t\t\t\t\t\t\t\t\t\t\t\t\t\t\t\r\n\t\t\t\t\t\t\t\t\t\t<p>Was wird auf \u00a0welchen Social Media Kan\u00e4len \u00fcber Sie verbreitet? Welche Tonalit\u00e4t haben die \u00c4usserungen? Sind sie relevant?<\/p>\n\t\t\t\t\t\t\t\t\t\t\t\t\t\t\t\t\t<\/div><!--.info-->\t\r\n\t\t\t\t\t\t\t<\/div>\r\n\t\t\t\t\t\t<\/div>\r\n\t\t\t\t\t\t\t\t\t\t\t\t\t\t\t\t\t\t\t\t\t\t\t\t\t\t\t\t\t<div class=\"service col-md-4\">\r\n\t\t\t\t\t\t\t\t\t\t\t\t\t<div class=\"roll-icon-box\">\r\n\t\t\t\t\t\t\t\t\t\t\t\r\n\t\t\t\t\t\t\t\t\t<div class=\"icon\">\r\n\t\t\t\t\t\t\t\t\t\t\t\t\t\t\t\t\t\t\t\t\t<a href=\"http:\/\/cficonsulting.ch\/?page_id=39\"><i class=\"fa fa-heartbeat\"><\/i><\/a>\t\t\t\t\t\t\t\t\t\t\t\t\t\t\t\t\t\t\t<\/div>\r\n\t\t\t\t\t\t\t\t\t\t\t\t\t\t\t\t<div class=\"content\">\r\n\t\t\t\t\t\t\t\t\t<h3>\r\n\t\t\t\t\t\t\t\t\t\t\t\t\t\t\t\t\t\t\t\t\t<a href=\"http:\/\/cficonsulting.ch\/?page_id=39\">Digitale Kommunikation<\/a>\r\n\t\t\t\t\t\t\t\t\t\t\t\t\t\t\t\t\t\t\t<\/h3>\r\n\t\t\t\t\t\t\t\t\t\t\t\t\t\t\t\t\t\r\n\t\t\t\t\t\t\t\t\t\t<p>Kommunikation ist digital. Immer, auch!<\/p>\n<p><a href=\"http:\/\/cficonsulting.ch\/?page_id=39\">Mehr<\/a><\/p>\n<p>&nbsp;<\/p>\n\t\t\t\t\t\t\t\t\t\t\t\t\t\t\t\t\t<\/div><!--.info-->\t\r\n\t\t\t\t\t\t\t<\/div>\r\n\t\t\t\t\t\t<\/div>\r\n\t\t\t\t\t\r\n\t\t\t\t\t\t\t\t\r\n\t<\/div><\/div><div id=\"pgc-28-0-1\"  class=\"panel-grid-cell\" ><div id=\"panel-28-0-1-0\" class=\"so-panel widget widget_text panel-first-child panel-last-child\" data-index=\"1\" >\t\t\t<div class=\"textwidget\"><a class=\"twitter-timeline\" data-dnt=\"true\" href=\"https:\/\/twitter.com\/fisch_christian\" data-widget-id=\"641952645008257024\">Tweets von @fisch_christian <\/a> <script>!function(d,s,id){var js,fjs=d.getElementsByTagName(s)[0],p=\/^http:\/.test(d.location)?'http':'https';if(!d.getElementById(id)){js=d.createElement(s);js.id=id;js.src=p+\":\/\/platform.twitter.com\/widgets.js\";fjs.parentNode.insertBefore(js,fjs);}}(document,\"script\",\"twitter-wjs\");<\/script><\/div>\n\t\t<\/div><\/div><\/div><\/div><div id=\"pg-28-1\"  class=\"panel-grid panel-has-style\" ><div style=\"padding: 100px 0; \" data-overlay=\"true\" class=\"panel-row-style panel-row-style-for-28-1\" ><div id=\"pgc-28-1-0\"  class=\"panel-grid-cell panel-grid-cell-empty\" ><\/div><div id=\"pgc-28-1-1\"  class=\"panel-grid-cell\" ><div id=\"panel-28-1-1-0\" class=\"so-panel widget widget_sydney_latest_news sydney_latest_news_widget panel-first-child panel-last-child\" data-index=\"2\" >\t\t\r\n\t\t\t\t\t<div class=\"blog-post col-md-4 col-sm-6 col-xs-12\">\r\n\t\t\t\t\t\t\t\t\t\r\n\t\t\t<h4 class=\"entry-title\"><a href=\"https:\/\/cficonsulting.ch\/?p=9\" rel=\"bookmark\">70% in digitalen Kan\u00e4len!<\/a><\/h4>\t\t\t\t<div class=\"entry-summary\"><p>Diese Woche konnte man auf allen Kan\u00e4len lesen, dass die UBS 70% des 150 Mio. Frankenbudget ihrer neuen Imagekampagne in digitale Kan\u00e4le steckt. Da stellt sich nun die Frage: Ist die UBS im Zeitalter der digitalen Kommunikation angekommen? Schauen wir uns einmal an wof\u00fcr diese etwas mehr als 100 Mio. Franken eingesetzt werden. Da gibt [&hellip;]<\/p>\n<\/div>\r\n\t\t\t<\/div>\r\n\t\t\t\t\t<div class=\"blog-post col-md-4 col-sm-6 col-xs-12\">\r\n\t\t\t\t\t\t\t\t\t\r\n\t\t\t<h4 class=\"entry-title\"><a href=\"https:\/\/cficonsulting.ch\/?p=41\" rel=\"bookmark\">Wem die Schweizer Bundesparlamentarier auf Twitter folgen<\/a><\/h4>\t\t\t\t<div class=\"entry-summary\"><p>Alain Berset (@alain_berset) ist nicht nur der von den 92 twitternden Bundesparlamentariern meist gefolgte Politiker, sondern generell der meist gefolgte Account, wie die neuste Studie von Burson Digital, dem digitalen Bereich der PR-Agentur Burson-Marsteller zeigt. Die bei Schweizer Bundesparlamentarier popul\u00e4rsten Twitterkonten Neben\u00a0@alain_berset, dem 68 Bundesparlamentarier folgen, schaffen es als Nichtparlamentarier\u00a0@ClaudeLongchamp\u00a0mit 63 Followern auf Rang 2,\u00a0@NZZ\u00a0auf [&hellip;]<\/p>\n<\/div>\r\n\t\t\t<\/div>\r\n\t\t\r\n\t\t\t\t\t\t\t<a href=\"https:\/\/cficonsulting.ch\/?page_id=45\" class=\"roll-button more-button\">See all our news<\/a>\r\n\t\t\t\t\r\n\t<\/div><\/div><\/div><\/div><\/div>","protected":false},"excerpt":{"rendered":"<p>Dienstleistungen &nbsp; Digital Checkup Mittels eines digitalen Checkups werden ihre Online Pr\u00e4senz und Reputation untersucht und mit ihren Mitbewerbern verglichen. Anhand der Resultate erhalten Sie Empfehlungen f\u00fcr die Optimierung ihres Online Auftrittes. Mehr &nbsp; Tweets von @fisch_christian &nbsp; 70% in digitalen Kan\u00e4len! Diese Woche konnte man auf allen Kan\u00e4len lesen, dass die UBS 70% des [&hellip;]<\/p>\n","protected":false},"author":1,"featured_media":0,"parent":0,"menu_order":0,"comment_status":"closed","ping_status":"closed","template":"page-templates\/page_front-page.php","meta":[],"_links":{"self":[{"href":"https:\/\/cficonsulting.ch\/index.php?rest_route=\/wp\/v2\/pages\/28"}],"collection":[{"href":"https:\/\/cficonsulting.ch\/index.php?rest_route=\/wp\/v2\/pages"}],"about":[{"href":"https:\/\/cficonsulting.ch\/index.php?rest_route=\/wp\/v2\/types\/page"}],"author":[{"embeddable":true,"href":"https:\/\/cficonsulting.ch\/index.php?rest_route=\/wp\/v2\/users\/1"}],"replies":[{"embeddable":true,"href":"https:\/\/cficonsulting.ch\/index.php?rest_route=%2Fwp%2Fv2%2Fcomments&post=28"}],"version-history":[{"count":10,"href":"https:\/\/cficonsulting.ch\/index.php?rest_route=\/wp\/v2\/pages\/28\/revisions"}],"predecessor-version":[{"id":33,"href":"https:\/\/cficonsulting.ch\/index.php?rest_route=\/wp\/v2\/pages\/28\/revisions\/33"}],"wp:attachment":[{"href":"https:\/\/cficonsulting.ch\/index.php?rest_route=%2Fwp%2Fv2%2Fmedia&parent=28"}],"curies":[{"name":"wp","href":"https:\/\/api.w.org\/{rel}","templated":true}]}}